{"id":2668,"date":"2018-05-17T11:32:39","date_gmt":"2018-05-17T08:32:39","guid":{"rendered":"http:\/\/www.dami.fi\/web\/?page_id=2668"},"modified":"2024-05-15T11:03:14","modified_gmt":"2024-05-15T08:03:14","slug":"rekisteriseloste","status":"publish","type":"page","link":"https:\/\/www.dami.fi\/web\/rekisteriseloste\/","title":{"rendered":"Rekisteriseloste"},"content":{"rendered":"\t\t<div data-elementor-type=\"wp-page\" data-elementor-id=\"2668\" class=\"elementor elementor-2668\" data-elementor-post-type=\"page\">\n\t\t\t\t\t\t<section class=\"elementor-section elementor-top-section elementor-element elementor-element-4bf6a0b0 elementor-section-boxed elementor-section-height-default elementor-section-height-default\" data-id=\"4bf6a0b0\" data-element_type=\"section\">\n\t\t\t\t\t\t<div class=\"elementor-container elementor-column-gap-default\">\n\t\t\t\t\t<div class=\"elementor-column elementor-col-100 elementor-top-column elementor-element elementor-element-74078ab6\" data-id=\"74078ab6\" data-element_type=\"column\">\n\t\t\t<div class=\"elementor-widget-wrap elementor-element-populated\">\n\t\t\t\t\t\t<div class=\"elementor-element elementor-element-0549bdb elementor-invisible elementor-widget elementor-widget-heading\" data-id=\"0549bdb\" data-element_type=\"widget\" data-settings=\"{&quot;_animation&quot;:&quot;pulse&quot;}\" data-widget_type=\"heading.default\">\n\t\t\t\t<div class=\"elementor-widget-container\">\n\t\t\t\t\t<h1 class=\"elementor-heading-title elementor-size-default\">Rekisteriseloste<\/h1>\t\t\t\t<\/div>\n\t\t\t\t<\/div>\n\t\t\t\t<div class=\"elementor-element elementor-element-42c97fc4 elementor-widget elementor-widget-text-editor\" data-id=\"42c97fc4\" data-element_type=\"widget\" data-widget_type=\"text-editor.default\">\n\t\t\t\t<div class=\"elementor-widget-container\">\n\t\t\t\t\t\t\t\t\t<p style=\"text-align: left;\">Henkil\u00f6tietolain (523\/1999) 10 \u00a7:n mukainen rekisteriseloste<\/p><h4>Rekisterinpit\u00e4j\u00e4<\/h4><p>Parturi-Kampaamo Dami<br \/>Y-tunnus\u00a02421097-7<\/p><p>Puistokatu 9<br \/>38200 Sastamala<\/p><p>Puh.\u00a0040 7444 674<\/p><p>Rekisteriasioita hoitaa: Beata Korkee<\/p><h4>Rekisterin nimi<\/h4><p>Parturi-Kampaamo Damin asiakasrekisteri<\/p><h4>Rekisterin k\u00e4ytt\u00f6tarkoitus<\/h4><p>Rekisteriseloste koskee sellaisten luonnollisten henkil\u00f6iden henkil\u00f6tietojen k\u00e4sittely\u00e4, jotka k\u00e4ytt\u00e4v\u00e4t rekisterinpit\u00e4j\u00e4n internet-pohjaista ajanvarausj\u00e4rjestelm\u00e4\u00e4, ja jotka ovat pyyt\u00e4neet Parturi-Kampaamo Damin ty\u00f6ntekij\u00f6it\u00e4 puhelimitse, s\u00e4hk\u00f6postitse tai toimipisteess\u00e4 tekem\u00e4\u00e4n ajanvarauksen puolestaan Damin ajanvarausj\u00e4rjestelm\u00e4\u00e4n.<\/p><p>Henkil\u00f6tietoja k\u00e4ytet\u00e4\u00e4n asiakasviestint\u00e4\u00e4n, asiakassuhteen hoitamiseen, hallintaan ja kehitt\u00e4miseen sek\u00e4 tilastointiin.<\/p><h4>Rekisterin pit\u00e4misen peruste<\/h4><p>Henkil\u00f6tietoja k\u00e4sitell\u00e4\u00e4n asiakassuhteen tai muun asiallisen yhteyden perusteella.<\/p><p><strong>Rekisterin sis\u00e4lt\u00e4m\u00e4t tiedot<\/strong><br \/>Rekisteriss\u00e4 voidaan k\u00e4sitell\u00e4 seuraaviin ryhmiin kuuluvia tietoja:<\/p><p><strong>Henkil\u00f6tiedot<\/strong><br \/>&#8211; Etunimi ja sukunimi<br \/>&#8211; Postiosoite<br \/>&#8211; S\u00e4hk\u00f6postiosoite<br \/>&#8211; Puhelinnumero<\/p><p><strong>Palvelun k\u00e4ytt\u00f6\u00f6n liittyv\u00e4t perustiedot<br \/><\/strong>&#8211; Ajanvarauksen p\u00e4iv\u00e4m\u00e4\u00e4r\u00e4, kellonaika, ajanvarauksen kesto, varattu palvelu ja palvelun hinta, kenelle aika on varattu<br \/>&#8211; Mahdolliset allergiat, k\u00e4ytetyt tuotteet ja tehdyt palvelut<\/p><h4>S\u00e4\u00e4nn\u00f6nmukaiset tietol\u00e4hteet<\/h4><p>Henkil\u00f6tietoja ker\u00e4t\u00e4\u00e4n rekister\u00f6idylt\u00e4 itselt\u00e4\u00e4n sek\u00e4 palveluihin rekister\u00f6itymisen ja palveluiden k\u00e4ytt\u00e4misen yhteydess\u00e4 ilmenevist\u00e4 tiedoista.<\/p><h4>Tietojen luovutus<\/h4><p>Parturi-Kampaamo Dami voi luovuttaa rekisteriss\u00e4 olevia henkil\u00f6tietoja voimassaolevan lains\u00e4\u00e4d\u00e4nn\u00f6n sallimisissa ja velvoittavissa rajoissa.\u00a0Rekisterist\u00e4 ei luovuteta tietoja Euroopan unionin eik\u00e4 Euroopan talousalueen ulkopuolelle.<\/p><h4>Rekisterin suojaus<\/h4><p>Henkil\u00f6tiedot s\u00e4ilytet\u00e4\u00e4n luottamuksellisina. Tiedot sijaitsevat ulkopuolisen palveluntarjoajan palvelimella, joka on suojattu teknisesti palomuurilla. Aineisto on suojattu k\u00e4ytt\u00e4j\u00e4tunnuksilla ja salasanoilla, jotka ovat ainoastaan ty\u00f6teht\u00e4viens\u00e4 vuoksi rekisterin k\u00e4ytt\u00f6\u00f6n oikeutettujen henkil\u00f6iden hallussa.<\/p><h4>Tarkastus-, kielto- ja korjausoikeus<\/h4><p>Rekister\u00f6idyll\u00e4 on henkil\u00f6tietolain 26 \u00a7:n mukaisesti oikeus tarkistaa, mit\u00e4 h\u00e4nt\u00e4 koskevia tietoja henkil\u00f6rekisteriin on talletettu.\u00a0Rekisterinpit\u00e4j\u00e4 oikaisee tai t\u00e4ydent\u00e4\u00e4 rekisteriss\u00e4 olevan, k\u00e4sittelyn tarkoituksen kannalta virheellisen, tarpeettoman, puutteellisen tai vanhentuneen henkil\u00f6tiedon oma-aloitteisesti tai rekister\u00f6idyn vaatimuksesta. Rekister\u00f6idyn tulee ottaa yhteytt\u00e4 rekisterinpit\u00e4j\u00e4n rekisteriasioista vastaavaan henkil\u00f6\u00f6n tiedon korjaamiseksi.\u00a0Rekister\u00f6idyll\u00e4 on oikeus kielt\u00e4\u00e4 rekisterinpit\u00e4j\u00e4\u00e4 k\u00e4sittelem\u00e4st\u00e4 h\u00e4nt\u00e4 itse\u00e4\u00e4n koskevia tietoja suoramainontaa, et\u00e4myynti\u00e4 ja muuta suoramarkkinointia sek\u00e4 markkina- ja mielipidetutkimusta varten.<\/p><p>Tarkastus- ja muutospyynt\u00f6 tulee l\u00e4hett\u00e4\u00e4 kirjallisesti ja allekirjoitettuna osoitteella:<\/p><p>Parturi-Kampaamo Dami<br \/>Puistokatu 4<br \/>38200 Sastamala<\/p><p>tai s\u00e4hk\u00f6isesti s\u00e4hk\u00f6postilla osoitteeseen: info@dami.fi<\/p><p>Rekister\u00f6idyill\u00e4 on oikeus kielt\u00e4\u00e4 tietojen k\u00e4ytt\u00e4minen suoramainontaan, et\u00e4myyntiin tai muuhun suoramarkkinointiin sek\u00e4 mielipide- tai markkinatutkimukseen ja oikeus vaatia virheellisen tiedon korjaamista ilmoittamalla siit\u00e4 puhelimitse p.\u00a0040 7444 674, kirjeitse osoitteeseen Parturi-kampaamo Dami, Puistokatu 4, 38200 SASTAMALA tai s\u00e4hk\u00f6postitse osoitteeseen info@dami.fi<\/p>\t\t\t\t\t\t\t\t<\/div>\n\t\t\t\t<\/div>\n\t\t\t\t\t<\/div>\n\t\t<\/div>\n\t\t\t\t\t<\/div>\n\t\t<\/section>\n\t\t\t\t<\/div>\n\t\t","protected":false},"excerpt":{"rendered":"<p>Rekisteriseloste Henkil\u00f6tietolain (523\/1999) 10 \u00a7:n mukainen rekisteriseloste Rekisterinpit\u00e4j\u00e4 Parturi-Kampaamo DamiY-tunnus\u00a02421097-7 Puistokatu 938200 Sastamala Puh.\u00a0040 7444 674 Rekisteriasioita hoitaa: Beata Korkee Rekisterin nimi Parturi-Kampaamo Damin asiakasrekisteri Rekisterin k\u00e4ytt\u00f6tarkoitus Rekisteriseloste koskee sellaisten luonnollisten henkil\u00f6iden henkil\u00f6tietojen k\u00e4sittely\u00e4, jotka k\u00e4ytt\u00e4v\u00e4t rekisterinpit\u00e4j\u00e4n internet-pohjaista ajanvarausj\u00e4rjestelm\u00e4\u00e4, ja jotka ovat pyyt\u00e4neet Parturi-Kampaamo Damin ty\u00f6ntekij\u00f6it\u00e4 puhelimitse, s\u00e4hk\u00f6postitse tai toimipisteess\u00e4 tekem\u00e4\u00e4n ajanvarauksen puolestaan Damin ajanvarausj\u00e4rjestelm\u00e4\u00e4n. &hellip;<\/p>\n<p class=\"read-more\"> <a class=\"\" href=\"https:\/\/www.dami.fi\/web\/rekisteriseloste\/\"> <span class=\"screen-reader-text\">Rekisteriseloste<\/span> Lue lis\u00e4\u00e4 &raquo;<\/a><\/p>\n","protected":false},"author":1,"featured_media":0,"parent":0,"menu_order":0,"comment_status":"closed","ping_status":"closed","template":"","meta":{"footnotes":""},"class_list":["post-2668","page","type-page","status-publish","hentry"],"_links":{"self":[{"href":"https:\/\/www.dami.fi\/web\/wp-json\/wp\/v2\/pages\/2668","targetHints":{"allow":["GET"]}}],"collection":[{"href":"https:\/\/www.dami.fi\/web\/wp-json\/wp\/v2\/pages"}],"about":[{"href":"https:\/\/www.dami.fi\/web\/wp-json\/wp\/v2\/types\/page"}],"author":[{"embeddable":true,"href":"https:\/\/www.dami.fi\/web\/wp-json\/wp\/v2\/users\/1"}],"replies":[{"embeddable":true,"href":"https:\/\/www.dami.fi\/web\/wp-json\/wp\/v2\/comments?post=2668"}],"version-history":[{"count":16,"href":"https:\/\/www.dami.fi\/web\/wp-json\/wp\/v2\/pages\/2668\/revisions"}],"predecessor-version":[{"id":3960,"href":"https:\/\/www.dami.fi\/web\/wp-json\/wp\/v2\/pages\/2668\/revisions\/3960"}],"wp:attachment":[{"href":"https:\/\/www.dami.fi\/web\/wp-json\/wp\/v2\/media?parent=2668"}],"curies":[{"name":"wp","href":"https:\/\/api.w.org\/{rel}","templated":true}]}}